{"id":15,"date":"2024-03-09T17:40:53","date_gmt":"2024-03-09T17:40:53","guid":{"rendered":"https:\/\/agenciadigitalcordoba.com\/?page_id=15"},"modified":"2024-03-09T18:42:53","modified_gmt":"2024-03-09T18:42:53","slug":"dimade_digital_agencia_digital_cordoba","status":"publish","type":"page","link":"https:\/\/agenciadigitalcordoba.com\/","title":{"rendered":"Dimade Digital, agencia"},"content":{"rendered":"<p>[et_pb_section fb_built=\u00bb1&#8243; admin_label=\u00bbHeader\u00bb _builder_version=\u00bb4.24.2&#8243; _module_preset=\u00bbdefault\u00bb background_color=\u00bb#000000&#8243; background_image=\u00bbhttps:\/\/agenciadigitalcordoba.com\/wp-content\/uploads\/2024\/03\/red-1219284_1280.png\u00bb background_size=\u00bbinitial\u00bb background_position=\u00bbtop_center\u00bb custom_padding=\u00bb0vw||||false|false\u00bb hover_enabled=\u00bb0&#8243; collapsed=\u00bbon\u00bb global_colors_info=\u00bb{}\u00bb sticky_enabled=\u00bb0&#8243; title_text=\u00bbred-1219284_1280&#8243; filter_saturate=\u00bb75%\u00bb][et_pb_row column_structure=\u00bb1_2,1_2&#8243; _builder_version=\u00bb4.18.0&#8243; _module_preset=\u00bbdefault\u00bb custom_padding=\u00bb||||false|false\u00bb hover_enabled=\u00bb0&#8243; global_colors_info=\u00bb{}\u00bb sticky_enabled=\u00bb0&#8243;][et_pb_column type=\u00bb1_2&#8243; _builder_version=\u00bb4.18.0&#8243; _module_preset=\u00bbdefault\u00bb hover_enabled=\u00bb0&#8243; global_colors_info=\u00bb{}\u00bb sticky_enabled=\u00bb0&#8243;][et_pb_image src=\u00bbhttps:\/\/agenciadigitalcordoba.com\/wp-content\/uploads\/2024\/03\/dimade-digital-marketing_blanco-10.png\u00bb title_text=\u00bbdimade digital marketing_blanco-10&#8243; align=\u00bbright\u00bb _builder_version=\u00bb4.24.2&#8243; _module_preset=\u00bbdefault\u00bb max_height_tablet=\u00bb400px\u00bb max_height_phone=\u00bb400px\u00bb max_height_last_edited=\u00bbon|tablet\u00bb hover_enabled=\u00bb0&#8243; global_colors_info=\u00bb{}\u00bb sticky_enabled=\u00bb0&#8243;][\/et_pb_image][\/et_pb_column][et_pb_column type=\u00bb1_2&#8243; _builder_version=\u00bb4.18.0&#8243; _module_preset=\u00bbdefault\u00bb custom_padding=\u00bb24%||||false|false\u00bb custom_padding_tablet=\u00bb30px||30px||true|false\u00bb custom_padding_phone=\u00bb20px||20px||true|false\u00bb custom_padding_last_edited=\u00bbon|desktop\u00bb global_colors_info=\u00bb{}\u00bb][et_pb_text _builder_version=\u00bb4.24.2&#8243; _module_preset=\u00bbc16985e1-e0d6-4022-964d-e2bfc04fa633&#8243; header_font=\u00bbRoboto|700|||||||\u00bb header_text_color=\u00bb#FFFFFF\u00bb header_font_size=\u00bb75px\u00bb header_line_height=\u00bb1.2em\u00bb text_orientation=\u00bbright\u00bb custom_margin=\u00bb||||false|false\u00bb hover_enabled=\u00bb0&#8243; header_font_size_tablet=\u00bb40px\u00bb header_font_size_phone=\u00bb24px\u00bb header_font_size_last_edited=\u00bbon|desktop\u00bb global_colors_info=\u00bb{}\u00bb header_2_text_color=\u00bb#E02B20&#8243; sticky_enabled=\u00bb0&#8243;]<\/p>\n<h1>Dimade Digital<\/h1>\n<h2>Le damos forma a tus ideas \ud83d\ude09<\/h2>\n<h5><span style=\"color: #ffffff;\">Agencia de Marketing en Palma del R\u00edo<\/span><\/h5>\n<p>[\/et_pb_text][et_pb_button button_text=\u00bbContactar!!\u00bb button_alignment=\u00bbright\u00bb _builder_version=\u00bb4.24.2&#8243; _module_preset=\u00bb31b4f027-aaa0-4f2f-ae02-959764e19e4f\u00bb custom_button=\u00bbon\u00bb button_text_size=\u00bb14px\u00bb button_text_color=\u00bb#E02B20&#8243; button_bg_color=\u00bb#FFFFFF\u00bb button_border_width=\u00bb1px\u00bb button_border_radius=\u00bb55px\u00bb button_font=\u00bbArchivo|700||on|||||\u00bb custom_padding=\u00bb18px|38px|18px|38px|true|true\u00bb hover_enabled=\u00bb0&#8243; locked=\u00bboff\u00bb global_colors_info=\u00bb{}\u00bb button_url=\u00bbhttps:\/\/www.dimadedigital.com\/presupuesto\/\u00bb button_bg_enable_color=\u00bbon\u00bb sticky_enabled=\u00bb0&#8243;][\/et_pb_button][\/et_pb_column][\/et_pb_row][et_pb_row column_structure=\u00bb1_2,1_2&#8243; _builder_version=\u00bb4.18.0&#8243; _module_preset=\u00bbdefault\u00bb global_colors_info=\u00bb{}\u00bb][et_pb_column type=\u00bb1_2&#8243; _builder_version=\u00bb4.18.0&#8243; _module_preset=\u00bbdefault\u00bb custom_padding=\u00bb|||12%|false|false\u00bb custom_padding_tablet=\u00bb|||15%|false|false\u00bb custom_padding_phone=\u00bb|||0%|false|false\u00bb custom_padding_last_edited=\u00bbon|desktop\u00bb global_colors_info=\u00bb{}\u00bb][et_pb_text _builder_version=\u00bb4.18.0&#8243; _module_preset=\u00bb518880c8-46c7-4ffa-b5a6-93ffa99dcc17&#8243; text_font=\u00bbArchivo||||||||\u00bb text_text_color=\u00bbgcid-1adb0c48-e943-4be8-b747-83127bdbd76c\u00bb text_font_size=\u00bb18px\u00bb text_line_height=\u00bb1.6em\u00bb text_orientation=\u00bbright\u00bb text_font_size_tablet=\u00bb16px\u00bb text_font_size_phone=\u00bb14px\u00bb text_font_size_last_edited=\u00bbon|phone\u00bb global_colors_info=\u00bb{%22gcid-1adb0c48-e943-4be8-b747-83127bdbd76c%22:%91%22text_text_color%22%93}\u00bb custom_padding=\u00bb|||0px||\u00bb width=\u00bb97.4%\u00bb custom_margin=\u00bb|||-4px||\u00bb]<\/p>\n<p><strong>Dimade Digital<\/strong>, agencia digital en<span>\u00a0<\/span><strong>Palma del Rio<\/strong><span>\u00a0<\/span>\u00a1Descubre nuestra estrategia innovadora de<span>\u00a0<\/span><strong>Marketing<\/strong>!.<\/p>\n<p>\u00a1Trabajamos con pasi\u00f3n y dedicaci\u00f3n para ofrecerte un dise\u00f1o y estrategia de premio! \ud83d\ude09<\/p>\n<p>\u00a1Cont\u00e1ctanos y comencemos algo nuevo!<\/p>\n<p>[\/et_pb_text][\/et_pb_column][et_pb_column type=\u00bb1_2&#8243; _builder_version=\u00bb4.18.0&#8243; _module_preset=\u00bbdefault\u00bb global_colors_info=\u00bb{}\u00bb][et_pb_image src=\u00bbhttps:\/\/agenciadigitalcordoba.com\/wp-content\/uploads\/2024\/03\/2023-08-24-dimade-imagen-corporativa-llega-el-cambio.jpg\u00bb title_text=\u00bb2023-08-24 dimade imagen corporativa llega el cambio\u00bb _builder_version=\u00bb4.24.2&#8243; _module_preset=\u00bbdefault\u00bb hover_enabled=\u00bb0&#8243; global_colors_info=\u00bb{}\u00bb box_shadow_style=\u00bbpreset1&#8243; sticky_enabled=\u00bb0&#8243;][\/et_pb_image][\/et_pb_column][\/et_pb_row][\/et_pb_section][et_pb_section fb_built=\u00bb1&#8243; admin_label=\u00bbService\u00bb _builder_version=\u00bb4.18.0&#8243; _module_preset=\u00bbdefault\u00bb background_color=\u00bbgcid-2cf18f4b-ad1d-4daf-a40a-75be4919065f\u00bb custom_padding=\u00bb0px||||false|false\u00bb locked=\u00bboff\u00bb collapsed=\u00bbon\u00bb global_colors_info=\u00bb{%22gcid-2cf18f4b-ad1d-4daf-a40a-75be4919065f%22:%91%22background_color%22%93}\u00bb][et_pb_row column_structure=\u00bb1_2,1_2&#8243; use_custom_gutter=\u00bbon\u00bb gutter_width=\u00bb1&#8243; make_equal=\u00bbon\u00bb _builder_version=\u00bb4.18.0&#8243; _module_preset=\u00bbdefault\u00bb custom_padding=\u00bb0px||0px||true|false\u00bb global_colors_info=\u00bb{}\u00bb][et_pb_column type=\u00bb1_2&#8243; _builder_version=\u00bb4.18.0&#8243; _module_preset=\u00bbdefault\u00bb background_color=\u00bb#FFFFFF\u00bb custom_padding=\u00bb20%|40px|8%|40px|false|true\u00bb custom_padding_tablet=\u00bb30px|30px|30px|30px|true|true\u00bb custom_padding_phone=\u00bb20px|20px|20px|20px|true|true\u00bb custom_padding_last_edited=\u00bbon|tablet\u00bb hover_enabled=\u00bb0&#8243; global_colors_info=\u00bb{}\u00bb sticky_enabled=\u00bb0&#8243;][et_pb_image src=\u00bbhttps:\/\/agenciadigitalcordoba.com\/wp-content\/uploads\/2024\/03\/2023-10-17-dimade-diseno-redes-sociales-proyecto-ola-rivers-modulo.jpg\u00bb title_text=\u00bbDimade proyecto OlaRivers\u00bb _builder_version=\u00bb4.24.2&#8243; _module_preset=\u00bbdefault\u00bb custom_margin=\u00bb||30px||false|false\u00bb filter_saturate=\u00bb193%\u00bb hover_enabled=\u00bb0&#8243; filter_saturate_tablet=\u00bb100%\u00bb filter_saturate_phone=\u00bb100%\u00bb filter_saturate_last_edited=\u00bbon|desktop\u00bb global_colors_info=\u00bb{}\u00bb filter_saturate__hover=\u00bb100%\u00bb filter_saturate__hover_enabled=\u00bbon|desktop\u00bb alt=\u00bbDimade proyecto OlaRivers\u00bb sticky_enabled=\u00bb0&#8243; filter_brightness=\u00bb107%\u00bb][\/et_pb_image][et_pb_button button_text=\u00bbVer Proyectos Dimade\u00bb _builder_version=\u00bb4.24.2&#8243; _module_preset=\u00bbdb46e67d-9505-40bb-9ebd-8901bc8b3a95&#8243; custom_button=\u00bbon\u00bb button_text_size=\u00bb14px\u00bb button_text_color=\u00bb#e8e8e8&#8243; button_bg_color=\u00bb#1e1e1e\u00bb button_border_width=\u00bb0px\u00bb button_border_radius=\u00bb45px\u00bb button_font=\u00bbArchivo|700||on|||||\u00bb custom_padding=\u00bb18px|38px|18px|38px|true|true\u00bb hover_enabled=\u00bb0&#8243; global_colors_info=\u00bb{}\u00bb button_url=\u00bbhttps:\/\/www.dimadedigital.com\/proyectos-dimade\/\u00bb sticky_enabled=\u00bb0&#8243;][\/et_pb_button][\/et_pb_column][et_pb_column type=\u00bb1_2&#8243; _builder_version=\u00bb4.18.0&#8243; _module_preset=\u00bbdefault\u00bb custom_padding=\u00bb60px||60px|60px|true|false\u00bb custom_padding_tablet=\u00bb30px|0px|30px|0px|true|true\u00bb custom_padding_phone=\u00bb30px||30px||true|true\u00bb custom_padding_last_edited=\u00bbon|phone\u00bb global_colors_info=\u00bb{}\u00bb][et_pb_text _builder_version=\u00bb4.24.2&#8243; _module_preset=\u00bbfb58262c-e979-4293-bea1-43b79959c6ab\u00bb header_2_font=\u00bbRoboto|900|||||||\u00bb header_2_text_color=\u00bb#E02B20&#8243; header_2_font_size=\u00bb96px\u00bb header_2_line_height=\u00bb1.1em\u00bb width=\u00bb150%\u00bb width_tablet=\u00bb100%\u00bb width_phone=\u00bb100%\u00bb width_last_edited=\u00bbon|tablet\u00bb custom_margin=\u00bb|||-50%|false|false\u00bb custom_margin_tablet=\u00bb|||0%|false|false\u00bb custom_margin_phone=\u00bb|||0%|false|false\u00bb custom_margin_last_edited=\u00bbon|tablet\u00bb hover_enabled=\u00bb0&#8243; header_2_font_size_tablet=\u00bb40px\u00bb header_2_font_size_phone=\u00bb24px\u00bb header_2_font_size_last_edited=\u00bbon|desktop\u00bb global_colors_info=\u00bb{}\u00bb header_text_color=\u00bb#E02B20&#8243; sticky_enabled=\u00bb0&#8243;]<\/p>\n<h2>Proyectos Dimade<\/h2>\n<p>[\/et_pb_text][et_pb_accordion open_toggle_text_color=\u00bb#ecc600&#8243; open_toggle_background_color=\u00bbRGBA(255,255,255,0)\u00bb closed_toggle_background_color=\u00bbRGBA(255,255,255,0)\u00bb toggle_icon=\u00bb&#x4c;||divi||400&#8243; icon_color=\u00bbgcid-f1414204-51c0-48ff-bc68-c545a86d03e7&#8243; _builder_version=\u00bb4.24.2&#8243; _module_preset=\u00bbca0c039f-0d09-48f8-8a27-cfae3d931471&#8243; toggle_text_color=\u00bb#ecc600&#8243; toggle_font=\u00bbArchivo|700|||||||\u00bb toggle_font_size=\u00bb16px\u00bb body_font=\u00bbArchivo||||||||\u00bb body_text_color=\u00bb#ffffff\u00bb body_font_size=\u00bb15px\u00bb body_line_height=\u00bb1.8em\u00bb custom_margin=\u00bb||30px||false|false\u00bb hover_enabled=\u00bb0&#8243; toggle_font_size_tablet=\u00bb\u00bb toggle_font_size_phone=\u00bb15px\u00bb toggle_font_size_last_edited=\u00bbon|phone\u00bb body_font_size_tablet=\u00bb\u00bb body_font_size_phone=\u00bb14px\u00bb body_font_size_last_edited=\u00bbon|phone\u00bb border_width_all=\u00bb0px\u00bb border_color_all=\u00bbrgba(255,255,255,0.26)\u00bb border_width_bottom=\u00bb1px\u00bb locked=\u00bboff\u00bb global_colors_info=\u00bb{%22gcid-f1414204-51c0-48ff-bc68-c545a86d03e7%22:%91%22icon_color%22,%22icon_color%22,%22icon_color%22,%22icon_color%22,%22icon_color%22,%22icon_color%22,%22icon_color%22,%22icon_color%22,%22icon_color%22,%22icon_color%22,%22icon_color%22,%22icon_color%22,%22icon_color%22,%22icon_color%22,%22icon_color%22%93,%22gcid-1adb0c48-e943-4be8-b747-83127bdbd76c%22:%91%22body_text_color%22,%22body_text_color%22,%22body_text_color%22,%22body_text_color%22,%22body_text_color%22,%22body_text_color%22,%22body_text_color%22,%22body_text_color%22%93,%22gcid-6171fd24-b893-4d22-843a-f4129850a5c1%22:%91%22toggle_text_color%22,%22toggle_text_color%22,%22toggle_text_color%22,%22toggle_text_color%22,%22toggle_text_color%22,%22open_toggle_text_color%22%93}\u00bb sticky_enabled=\u00bb0&#8243;][et_pb_accordion_item title=\u00bbDise\u00f1o y Desarrollo de Proyectos \u00bb open=\u00bbon\u00bb _builder_version=\u00bb4.24.2&#8243; _module_preset=\u00bbdefault\u00bb custom_padding=\u00bb|0px||0px|false|true\u00bb hover_enabled=\u00bb0&#8243; global_colors_info=\u00bb{}\u00bb toggle_icon=\u00bb&#x3f;||divi||400&#8243; icon_color=\u00bb#FFFFFF\u00bb open_toggle_text_color=\u00bb#E02B20&#8243; toggle_text_color=\u00bb#E02B20&#8243; sticky_enabled=\u00bb0&#8243;]<\/p>\n<p><span>Optimismo empresarial, ilusi\u00f3n, innovaci\u00f3n, identificaci\u00f3n de necesidades, fidelizaci\u00f3n y medici\u00f3n bajo una mirada globalizada, abierta y en constante cambio.\u00a0<\/span><\/p>\n<p><span>Generamos ideas innovadoras y resolvemos problemas empresariales. <\/span><\/p>\n<p><span>\u00a1Trabajamos apasionadamente para ofrecerte dise\u00f1os premiados!<\/span><\/p>\n<p>[\/et_pb_accordion_item][\/et_pb_accordion][et_pb_button button_text=\u00bbHablamos?\u00bf\u00bb _builder_version=\u00bb4.24.2&#8243; _module_preset=\u00bb3117bc07-6a8a-4679-b3bb-b6ed74b48a2f\u00bb custom_button=\u00bbon\u00bb button_text_size=\u00bb14px\u00bb button_text_color=\u00bb#FFFFFF\u00bb button_bg_color=\u00bb#E02B20&#8243; button_border_width=\u00bb2px\u00bb button_border_color=\u00bb#FFFFFF\u00bb button_border_radius=\u00bb49px\u00bb button_font=\u00bbArchivo|700||on|||||\u00bb custom_padding=\u00bb18px|38px|18px|38px|true|true\u00bb hover_enabled=\u00bb0&#8243; global_colors_info=\u00bb{}\u00bb button_url=\u00bbhttps:\/\/www.dimadedigital.com\/presupuesto\/\u00bb button_bg_enable_color=\u00bbon\u00bb sticky_enabled=\u00bb0&#8243;][\/et_pb_button][et_pb_divider _builder_version=\u00bb4.24.2&#8243; _module_preset=\u00bbdefault\u00bb hover_enabled=\u00bb0&#8243; sticky_enabled=\u00bb0&#8243; divider_position=\u00bbbottom\u00bb divider_weight=\u00bb4px\u00bb color=\u00bb#E02B20&#8243;][\/et_pb_divider][et_pb_text _builder_version=\u00bb4.24.2&#8243; _module_preset=\u00bbdefault\u00bb header_text_color=\u00bb#FFFFFF\u00bb header_font=\u00bb|600|||||||\u00bb text_text_color=\u00bb#FFFFFF\u00bb hover_enabled=\u00bb0&#8243; sticky_enabled=\u00bb0&#8243;]<\/p>\n<h1><\/h1>\n<h1>Dimade Digital<\/h1>\n<p><strong>Agencia de Marketing<\/strong> en Palma del R\u00edo<\/p>\n<p>marketing@dimadedigital.com<\/p>\n<div class=\"et_pb_column et_pb_column_1_3 et_pb_column_20  et_pb_css_mix_blend_mode_passthrough\">\n<div class=\"et_pb_module et_pb_text et_pb_text_13  et_pb_text_align_left et_pb_bg_layout_light\">\n<div class=\"et_pb_text_inner\">\n<p><span>722 540 987<\/span><\/p>\n<\/div>\n<\/div>\n<\/div>\n<p>&nbsp;<\/p>\n<p>[\/et_pb_text][\/et_pb_column][\/et_pb_row][\/et_pb_section]<\/p>\n","protected":false},"excerpt":{"rendered":"<p>Dimade Digital Le damos forma a tus ideas \ud83d\ude09 Agencia de Marketing en Palma del R\u00edoDimade Digital, agencia digital en\u00a0Palma del Rio\u00a0\u00a1Descubre nuestra estrategia innovadora de\u00a0Marketing!. \u00a1Trabajamos con pasi\u00f3n y dedicaci\u00f3n para ofrecerte un dise\u00f1o y estrategia de premio! \ud83d\ude09 \u00a1Cont\u00e1ctanos y comencemos algo nuevo!Proyectos DimadeOptimismo empresarial, ilusi\u00f3n, innovaci\u00f3n, identificaci\u00f3n de necesidades, fidelizaci\u00f3n y medici\u00f3n [&hellip;]<\/p>\n","protected":false},"author":1,"featured_media":0,"parent":0,"menu_order":0,"comment_status":"closed","ping_status":"closed","template":"","meta":{"_et_pb_use_builder":"on","_et_pb_old_content":"","_et_gb_content_width":"","footnotes":""},"class_list":["post-15","page","type-page","status-publish","hentry"],"_links":{"self":[{"href":"https:\/\/agenciadigitalcordoba.com\/index.php\/wp-json\/wp\/v2\/pages\/15","targetHints":{"allow":["GET"]}}],"collection":[{"href":"https:\/\/agenciadigitalcordoba.com\/index.php\/wp-json\/wp\/v2\/pages"}],"about":[{"href":"https:\/\/agenciadigitalcordoba.com\/index.php\/wp-json\/wp\/v2\/types\/page"}],"author":[{"embeddable":true,"href":"https:\/\/agenciadigitalcordoba.com\/index.php\/wp-json\/wp\/v2\/users\/1"}],"replies":[{"embeddable":true,"href":"https:\/\/agenciadigitalcordoba.com\/index.php\/wp-json\/wp\/v2\/comments?post=15"}],"version-history":[{"count":5,"href":"https:\/\/agenciadigitalcordoba.com\/index.php\/wp-json\/wp\/v2\/pages\/15\/revisions"}],"predecessor-version":[{"id":47,"href":"https:\/\/agenciadigitalcordoba.com\/index.php\/wp-json\/wp\/v2\/pages\/15\/revisions\/47"}],"wp:attachment":[{"href":"https:\/\/agenciadigitalcordoba.com\/index.php\/wp-json\/wp\/v2\/media?parent=15"}],"curies":[{"name":"wp","href":"https:\/\/api.w.org\/{rel}","templated":true}]}}